{"id":996,"date":"2025-07-28T16:45:07","date_gmt":"2025-07-28T16:45:07","guid":{"rendered":"https:\/\/eudelar.unlar.edu.ar\/?post_type=product&#038;p=996"},"modified":"2025-07-28T16:52:39","modified_gmt":"2025-07-28T16:52:39","slug":"1880","status":"publish","type":"product","link":"https:\/\/eudelar.unlar.edu.ar\/index.php\/producto\/1880\/","title":{"rendered":"1880"},"content":{"rendered":"<p><strong>Estado, orden y progreso<\/strong><\/p>\n<p>La colecci\u00f3n Humanidades de la Universidad Nacional de General Sarmiento re\u00fane la producci\u00f3n relacionada con las tem\u00e1ticas de historia y filosof\u00eda, enmarcadas en las l\u00edneas de investigaci\u00f3n de la Universidad, siempre en vinculaci\u00f3n con el desarrollo de nuestra oferta acad\u00e9mica y con nuestro trabajo con la comunidad. Dentro de esa colecci\u00f3n, la serie A\u00f1os cruciales se propone abordar la historia de los momentos m\u00e1s relevantes y tumultuosos de nuestro pasado, entre 1776 y 2001.\u00a0Susana Bandieri retrata aqu\u00ed 1880, un a\u00f1o en el que se anudan procesos decisivos para la vida del pa\u00eds y su futuro. La ocupaci\u00f3n militar de las tierras ind\u00edgenas de las pampas y la Patagonia asegur\u00f3 la expansi\u00f3n de la frontera agroganadera y la ampliaci\u00f3n de las exportaciones de cereales, carnes y lanas. La fracasada revoluci\u00f3n bonaerense condujo a la imposici\u00f3n de la ciudad de Buenos Aires como capital federal. De all\u00ed en adelante, un r\u00e9gimen pol\u00edtico olig\u00e1rquico detent\u00f3 el poder, impuls\u00f3 la educaci\u00f3n laica y obligatoria y la llegada de migrantes ultramarinos, a la vez que conden\u00f3 a los pueblos originarios a su exclusi\u00f3n f\u00edsica, social y econ\u00f3mica de la naci\u00f3n.<\/p>\n<p><em><strong>Susana Bandieri<\/strong><\/em><\/p>\n","protected":false},"excerpt":{"rendered":"<p>Estado, orden y progreso La colecci\u00f3n Humanidades de la Universidad Nacional de General Sarmiento re\u00fane la producci\u00f3n relacionada con las tem\u00e1ticas de historia y filosof\u00eda, enmarcadas en las l\u00edneas de investigaci\u00f3n de la Universidad, siempre en vinculaci\u00f3n con el desarrollo de nuestra oferta acad\u00e9mica y con nuestro trabajo con la comunidad. Dentro de esa colecci\u00f3n, [&hellip;]<\/p>\n","protected":false},"featured_media":825,"comment_status":"closed","ping_status":"closed","template":"","meta":[],"product_cat":[15],"product_tag":[],"class_list":["post-996","product","type-product","status-publish","has-post-thumbnail","hentry","product_cat-general"],"_links":{"self":[{"href":"https:\/\/eudelar.unlar.edu.ar\/index.php\/wp-json\/wp\/v2\/product\/996","targetHints":{"allow":["GET"]}}],"collection":[{"href":"https:\/\/eudelar.unlar.edu.ar\/index.php\/wp-json\/wp\/v2\/product"}],"about":[{"href":"https:\/\/eudelar.unlar.edu.ar\/index.php\/wp-json\/wp\/v2\/types\/product"}],"replies":[{"embeddable":true,"href":"https:\/\/eudelar.unlar.edu.ar\/index.php\/wp-json\/wp\/v2\/comments?post=996"}],"wp:featuredmedia":[{"embeddable":true,"href":"https:\/\/eudelar.unlar.edu.ar\/index.php\/wp-json\/wp\/v2\/media\/825"}],"wp:attachment":[{"href":"https:\/\/eudelar.unlar.edu.ar\/index.php\/wp-json\/wp\/v2\/media?parent=996"}],"wp:term":[{"taxonomy":"product_cat","embeddable":true,"href":"https:\/\/eudelar.unlar.edu.ar\/index.php\/wp-json\/wp\/v2\/product_cat?post=996"},{"taxonomy":"product_tag","embeddable":true,"href":"https:\/\/eudelar.unlar.edu.ar\/index.php\/wp-json\/wp\/v2\/product_tag?post=996"}],"curies":[{"name":"wp","href":"https:\/\/api.w.org\/{rel}","templated":true}]}}