{"id":988,"date":"2025-07-28T15:45:46","date_gmt":"2025-07-28T15:45:46","guid":{"rendered":"https:\/\/eudelar.unlar.edu.ar\/?post_type=product&#038;p=988"},"modified":"2025-07-28T16:35:19","modified_gmt":"2025-07-28T16:35:19","slug":"988","status":"publish","type":"product","link":"https:\/\/eudelar.unlar.edu.ar\/index.php\/producto\/988\/","title":{"rendered":"40 A\u00d1OS DE DEMOCRACIA"},"content":{"rendered":"<p><strong>La mirada de los otros<\/strong><\/p>\n<p style=\"text-align: left;\">En la d\u00e9cada de 1970, el escritor espa\u00f1ol Juli\u00e1n Mar\u00edas se sumergi\u00f3 en tierras latinoamericanas para entender las pulsiones de vida y de muerte de nuestro continente, y describi\u00f3 sus experiencias como \u201cla melod\u00eda de una vida personal a la cual \u2018le ha pasado\u2019 la Am\u00e9rica hisp\u00e1nica\u201d. Desde su particular mirada advert\u00eda que \u201cse puede vivir de dos maneras: haciendo cuentas o sin hacerlas\u201d. Con esta obra colectiva nos propusimos <em>hacer cuentas<\/em> para entender el pasado y proyectar el futuro. Se cumplen cuarenta a\u00f1os desde la restauraci\u00f3n democr\u00e1tica en Argentina, dejando atr\u00e1s un pasado de masacres y tormentos sin precedentes y legando una se\u00f1a de identidad: el Juicio a las Juntas militares. La transici\u00f3n democr\u00e1tica argentina ha tenido avances y retrocesos. En este libro el lector encontrar\u00e1 una singular apuesta para analizar las transiciones democr\u00e1ticas que se anticipa desde el t\u00edtulo mismo de la obra: apelar a <em>la mirada de los otros<\/em>; apartarnos de los sesgos propios de quienes habitamos este suelo; sobre c\u00f3mo hemos sido capaces de construir una Naci\u00f3n con objetivos tan nobles y un norte franco y generoso y c\u00f3mo, al mismo tiempo, fuimos erosionando el camino con aventuras autoritarias. Las voces de veintid\u00f3s autores enriquecen desde sus propias tradiciones culturales esta especial manera de reconocernos a partir del otro. Lo <em>ajeno<\/em>\u00a0que nos reconcilia con lo m\u00e1s profundo de nuestra humanidad. Desde M\u00e9xico, la India, Francia, Ecuador, Colombia, Brasil, Italia, Grecia, Chile, Uruguay y Espa\u00f1a, y a partir de un inolvidable intercambio con sus autores, se forjaron estas p\u00e1ginas para continuar la inacabable construcci\u00f3n de memoria colectiva y sumar a la reflexi\u00f3n a todos aquellos que, como invita el pre\u00e1mbulo de nuestra Constituci\u00f3n, \u201cquieran habitar en el suelo argentino\u201d.<\/p>\n<p><em><strong>Ivana Piccardo<\/strong><\/em><\/p>\n","protected":false},"excerpt":{"rendered":"<p>La mirada de los otros En la d\u00e9cada de 1970, el escritor espa\u00f1ol Juli\u00e1n Mar\u00edas se sumergi\u00f3 en tierras latinoamericanas para entender las pulsiones de vida y de muerte de nuestro continente, y describi\u00f3 sus experiencias como \u201cla melod\u00eda de una vida personal a la cual \u2018le ha pasado\u2019 la Am\u00e9rica hisp\u00e1nica\u201d. Desde su particular [&hellip;]<\/p>\n","protected":false},"featured_media":822,"comment_status":"closed","ping_status":"closed","template":"","meta":[],"product_cat":[15],"product_tag":[],"class_list":["post-988","product","type-product","status-publish","has-post-thumbnail","hentry","product_cat-general"],"_links":{"self":[{"href":"https:\/\/eudelar.unlar.edu.ar\/index.php\/wp-json\/wp\/v2\/product\/988","targetHints":{"allow":["GET"]}}],"collection":[{"href":"https:\/\/eudelar.unlar.edu.ar\/index.php\/wp-json\/wp\/v2\/product"}],"about":[{"href":"https:\/\/eudelar.unlar.edu.ar\/index.php\/wp-json\/wp\/v2\/types\/product"}],"replies":[{"embeddable":true,"href":"https:\/\/eudelar.unlar.edu.ar\/index.php\/wp-json\/wp\/v2\/comments?post=988"}],"wp:featuredmedia":[{"embeddable":true,"href":"https:\/\/eudelar.unlar.edu.ar\/index.php\/wp-json\/wp\/v2\/media\/822"}],"wp:attachment":[{"href":"https:\/\/eudelar.unlar.edu.ar\/index.php\/wp-json\/wp\/v2\/media?parent=988"}],"wp:term":[{"taxonomy":"product_cat","embeddable":true,"href":"https:\/\/eudelar.unlar.edu.ar\/index.php\/wp-json\/wp\/v2\/product_cat?post=988"},{"taxonomy":"product_tag","embeddable":true,"href":"https:\/\/eudelar.unlar.edu.ar\/index.php\/wp-json\/wp\/v2\/product_tag?post=988"}],"curies":[{"name":"wp","href":"https:\/\/api.w.org\/{rel}","templated":true}]}}