{"id":329,"date":"2022-09-23T15:13:31","date_gmt":"2022-09-23T15:13:31","guid":{"rendered":"http:\/\/170.210.152.212\/eudelar\/?post_type=product&#038;p=329"},"modified":"2025-03-27T16:47:43","modified_gmt":"2025-03-27T16:47:43","slug":"la-tradicion-nacionalj-v-g","status":"publish","type":"product","link":"https:\/\/eudelar.unlar.edu.ar\/index.php\/producto\/la-tradicion-nacionalj-v-g\/","title":{"rendered":"LA TRADICI\u00d3N NACIONAL"},"content":{"rendered":"<p>2008 &#8211; JOAQU\u00cdN V. GONZ\u00c1LEZ<\/p>\n","protected":false},"excerpt":{"rendered":"<p>2008 &#8211; JOAQU\u00edN V. GONZ\u00c1LEZ<\/p>\n","protected":false},"featured_media":142,"comment_status":"closed","ping_status":"closed","template":"","meta":[],"product_cat":[15,29],"product_tag":[],"class_list":["post-329","product","type-product","status-publish","has-post-thumbnail","hentry","product_cat-general","product_cat-coleccionjvg"],"_links":{"self":[{"href":"https:\/\/eudelar.unlar.edu.ar\/index.php\/wp-json\/wp\/v2\/product\/329","targetHints":{"allow":["GET"]}}],"collection":[{"href":"https:\/\/eudelar.unlar.edu.ar\/index.php\/wp-json\/wp\/v2\/product"}],"about":[{"href":"https:\/\/eudelar.unlar.edu.ar\/index.php\/wp-json\/wp\/v2\/types\/product"}],"replies":[{"embeddable":true,"href":"https:\/\/eudelar.unlar.edu.ar\/index.php\/wp-json\/wp\/v2\/comments?post=329"}],"wp:featuredmedia":[{"embeddable":true,"href":"https:\/\/eudelar.unlar.edu.ar\/index.php\/wp-json\/wp\/v2\/media\/142"}],"wp:attachment":[{"href":"https:\/\/eudelar.unlar.edu.ar\/index.php\/wp-json\/wp\/v2\/media?parent=329"}],"wp:term":[{"taxonomy":"product_cat","embeddable":true,"href":"https:\/\/eudelar.unlar.edu.ar\/index.php\/wp-json\/wp\/v2\/product_cat?post=329"},{"taxonomy":"product_tag","embeddable":true,"href":"https:\/\/eudelar.unlar.edu.ar\/index.php\/wp-json\/wp\/v2\/product_tag?post=329"}],"curies":[{"name":"wp","href":"https:\/\/api.w.org\/{rel}","templated":true}]}}