{"id":327,"date":"2022-09-23T15:11:50","date_gmt":"2022-09-23T15:11:50","guid":{"rendered":"http:\/\/170.210.152.212\/eudelar\/?post_type=product&#038;p=327"},"modified":"2025-03-27T16:48:10","modified_gmt":"2025-03-27T16:48:10","slug":"la-revolucionj-v-g-tapas-duras","status":"publish","type":"product","link":"https:\/\/eudelar.unlar.edu.ar\/index.php\/producto\/la-revolucionj-v-g-tapas-duras\/","title":{"rendered":"LA REVOLUCI\u00d3N Tapa dura"},"content":{"rendered":"<p>2003 &#8211; JOAQU\u00cdN V. GONZ\u00c1LEZ<\/p>\n","protected":false},"excerpt":{"rendered":"<p>2003 &#8211; JOAQU\u00cdN V. GONZ\u00c1LEZ<\/p>\n","protected":false},"featured_media":155,"comment_status":"closed","ping_status":"closed","template":"","meta":[],"product_cat":[15,29],"product_tag":[],"class_list":["post-327","product","type-product","status-publish","has-post-thumbnail","hentry","product_cat-general","product_cat-coleccionjvg"],"_links":{"self":[{"href":"https:\/\/eudelar.unlar.edu.ar\/index.php\/wp-json\/wp\/v2\/product\/327","targetHints":{"allow":["GET"]}}],"collection":[{"href":"https:\/\/eudelar.unlar.edu.ar\/index.php\/wp-json\/wp\/v2\/product"}],"about":[{"href":"https:\/\/eudelar.unlar.edu.ar\/index.php\/wp-json\/wp\/v2\/types\/product"}],"replies":[{"embeddable":true,"href":"https:\/\/eudelar.unlar.edu.ar\/index.php\/wp-json\/wp\/v2\/comments?post=327"}],"wp:featuredmedia":[{"embeddable":true,"href":"https:\/\/eudelar.unlar.edu.ar\/index.php\/wp-json\/wp\/v2\/media\/155"}],"wp:attachment":[{"href":"https:\/\/eudelar.unlar.edu.ar\/index.php\/wp-json\/wp\/v2\/media?parent=327"}],"wp:term":[{"taxonomy":"product_cat","embeddable":true,"href":"https:\/\/eudelar.unlar.edu.ar\/index.php\/wp-json\/wp\/v2\/product_cat?post=327"},{"taxonomy":"product_tag","embeddable":true,"href":"https:\/\/eudelar.unlar.edu.ar\/index.php\/wp-json\/wp\/v2\/product_tag?post=327"}],"curies":[{"name":"wp","href":"https:\/\/api.w.org\/{rel}","templated":true}]}}