{"id":326,"date":"2022-09-23T15:09:07","date_gmt":"2022-09-23T15:09:07","guid":{"rendered":"http:\/\/170.210.152.212\/eudelar\/?post_type=product&#038;p=326"},"modified":"2025-03-27T16:49:37","modified_gmt":"2025-03-27T16:49:37","slug":"la-revolucionj-v-g-tapas-blandas","status":"publish","type":"product","link":"https:\/\/eudelar.unlar.edu.ar\/index.php\/producto\/la-revolucionj-v-g-tapas-blandas\/","title":{"rendered":"LA REVOLUCI\u00d3N Tapa blanda"},"content":{"rendered":"<p>2003 &#8211; JOAQU\u00cdN V. GONZ\u00c1LEZ<\/p>\n","protected":false},"excerpt":{"rendered":"<p>2003 &#8211; JOAQU\u00cdN V. GONZ\u00c1LEZ<\/p>\n","protected":false},"featured_media":154,"comment_status":"closed","ping_status":"closed","template":"","meta":[],"product_cat":[15,29],"product_tag":[],"class_list":["post-326","product","type-product","status-publish","has-post-thumbnail","hentry","product_cat-general","product_cat-coleccionjvg"],"_links":{"self":[{"href":"https:\/\/eudelar.unlar.edu.ar\/index.php\/wp-json\/wp\/v2\/product\/326","targetHints":{"allow":["GET"]}}],"collection":[{"href":"https:\/\/eudelar.unlar.edu.ar\/index.php\/wp-json\/wp\/v2\/product"}],"about":[{"href":"https:\/\/eudelar.unlar.edu.ar\/index.php\/wp-json\/wp\/v2\/types\/product"}],"replies":[{"embeddable":true,"href":"https:\/\/eudelar.unlar.edu.ar\/index.php\/wp-json\/wp\/v2\/comments?post=326"}],"wp:featuredmedia":[{"embeddable":true,"href":"https:\/\/eudelar.unlar.edu.ar\/index.php\/wp-json\/wp\/v2\/media\/154"}],"wp:attachment":[{"href":"https:\/\/eudelar.unlar.edu.ar\/index.php\/wp-json\/wp\/v2\/media?parent=326"}],"wp:term":[{"taxonomy":"product_cat","embeddable":true,"href":"https:\/\/eudelar.unlar.edu.ar\/index.php\/wp-json\/wp\/v2\/product_cat?post=326"},{"taxonomy":"product_tag","embeddable":true,"href":"https:\/\/eudelar.unlar.edu.ar\/index.php\/wp-json\/wp\/v2\/product_tag?post=326"}],"curies":[{"name":"wp","href":"https:\/\/api.w.org\/{rel}","templated":true}]}}