{"id":116,"date":"2022-08-29T14:20:35","date_gmt":"2022-08-29T14:20:35","guid":{"rendered":"http:\/\/170.210.152.212\/eudelar\/?post_type=product&#038;p=116"},"modified":"2025-03-27T16:51:22","modified_gmt":"2025-03-27T16:51:22","slug":"idearioj-v-g-tapa-blanda","status":"publish","type":"product","link":"https:\/\/eudelar.unlar.edu.ar\/index.php\/producto\/idearioj-v-g-tapa-blanda\/","title":{"rendered":"IDEARIO TAPA BLANDA"},"content":{"rendered":"<p>Asumida por la Universidad Nacional de La Rioja, la decisi\u00f3n Institucional de su Honorable Consejo Superior, de producir la reedici\u00f3n de las \u00abObras Completas\u00bb del Dr. Joaqu\u00edn V.Gonz\u00e1lez, estas palabras pretenden integrarse con el mayor decoro a aquel prop\u00f3sito: una muy honrosa faena que se registrar\u00e1 como modesto p\u00f3rtico de aquel magno emprendimiento.<\/p>\n<p>Mi justificada y manifiesta admiraci\u00f3n hacia el Dr. Joaqu\u00edn V. Gonz\u00e1lez, impregna liminarmente esa labor. La misma, en tal marco, ambiciona encabezar, desde lo breve, un Justo Homenaje a quien alcanz\u00f3 la majestuosidad del \u00e1bside intelectual en nuestra provincian\u00eda.<\/p>\n<p>Con tales alcances, estimo tambi\u00e9n la muy feliz decisi\u00f3n de nuestra Universidad, que se corresponde con el acad\u00e9mico objetivo de incrementar la difusi\u00f3n de la formidable y arm\u00f3nica dotaci\u00f3n literaria, jur\u00eddica, filos\u00f3fica, pedag\u00f3gica, sociol\u00f3gica y pol\u00edtica, que el \u00abM\u00edstico de Samay Huasi\u00bb, legara a sus contempor\u00e1neos y a la posteridad. El indiscutido linaje y trascendencia de cada una de las cuestiones abordadas, ostenta una apod\u00edctica belleza que no puede empa\u00f1arse por las fatigas del tiempo. A su par, la rigurosidad sem\u00e1ntica y tem\u00e1tica de sus escritos, tampoco empece la muy humana espiritualidad de nuestro pr\u00f3cer y maestro.<\/p>\n<p>Entiendo por ello como muy loable a esta reedici\u00f3n. Ella ha de servir seguramente para deleite espiritual de nuestros lectores y comentaristas de las Obras del Dr. Joaqu\u00edn V. Gonz\u00e1lez, que en diversos tomos comprende.<\/p>\n","protected":false},"excerpt":{"rendered":"<p>Asumida por la Universidad Nacional de La Rioja, la decisi\u00f3n Institucional de su Honorable Consejo Superior, de producir la reedici\u00f3n de las \u00abObras Completas\u00bb del Dr. Joaqu\u00edn V.Gonz\u00e1lez, estas palabras pretenden integrarse con el mayor decoro a aquel prop\u00f3sito: una muy honrosa faena que se registrar\u00e1 como modesto p\u00f3rtico de aquel magno emprendimiento. Mi justificada [&hellip;]<\/p>\n","protected":false},"featured_media":131,"comment_status":"open","ping_status":"closed","template":"","meta":[],"product_cat":[15,29],"product_tag":[],"class_list":["post-116","product","type-product","status-publish","has-post-thumbnail","hentry","product_cat-general","product_cat-coleccionjvg"],"_links":{"self":[{"href":"https:\/\/eudelar.unlar.edu.ar\/index.php\/wp-json\/wp\/v2\/product\/116","targetHints":{"allow":["GET"]}}],"collection":[{"href":"https:\/\/eudelar.unlar.edu.ar\/index.php\/wp-json\/wp\/v2\/product"}],"about":[{"href":"https:\/\/eudelar.unlar.edu.ar\/index.php\/wp-json\/wp\/v2\/types\/product"}],"replies":[{"embeddable":true,"href":"https:\/\/eudelar.unlar.edu.ar\/index.php\/wp-json\/wp\/v2\/comments?post=116"}],"wp:featuredmedia":[{"embeddable":true,"href":"https:\/\/eudelar.unlar.edu.ar\/index.php\/wp-json\/wp\/v2\/media\/131"}],"wp:attachment":[{"href":"https:\/\/eudelar.unlar.edu.ar\/index.php\/wp-json\/wp\/v2\/media?parent=116"}],"wp:term":[{"taxonomy":"product_cat","embeddable":true,"href":"https:\/\/eudelar.unlar.edu.ar\/index.php\/wp-json\/wp\/v2\/product_cat?post=116"},{"taxonomy":"product_tag","embeddable":true,"href":"https:\/\/eudelar.unlar.edu.ar\/index.php\/wp-json\/wp\/v2\/product_tag?post=116"}],"curies":[{"name":"wp","href":"https:\/\/api.w.org\/{rel}","templated":true}]}}