{"id":1133,"date":"2025-11-09T23:46:24","date_gmt":"2025-11-09T23:46:24","guid":{"rendered":"https:\/\/eudelar.unlar.edu.ar\/?post_type=product&#038;p=1133"},"modified":"2025-11-09T23:46:25","modified_gmt":"2025-11-09T23:46:25","slug":"el-oibca","status":"publish","type":"product","link":"https:\/\/eudelar.unlar.edu.ar\/index.php\/producto\/el-oibca\/","title":{"rendered":"EL OIBCA"},"content":{"rendered":"<h3>Intimidad de una asociaci\u00f3n intermunicipal de tres d\u00e9cadas<\/h3>\n<p>La asociaci\u00f3n entre municipios es uno de los recursos institucionales a los que se ha echado mano, para hacer frente a los procesos de descentralizaci\u00f3n, que transformaron la agenda de los gobiernos locales. Cuanto m\u00e1s peque\u00f1o el pueblo, mayor es la necesidad de asociarse, pero no siempre es posible o las iniciativas no siempre prosperan. Por una parte, porque la posibilidad de que los municipios puedan concretar organizaciones de este tipo en Argentina es a\u00fan dis\u00edmil y la define cada constituci\u00f3n provincial; por otra, porque la sobrevida de estos organismos es muy corta, promediando 5,1 a\u00f1os en el pa\u00eds y 12,4 a\u00f1os en la provincia de C\u00f3rdoba. El Organismo Intermunicipal de Bromatolog\u00eda y Control Ambiental (OIBCA) est\u00e1 pr\u00f3ximo a cumplir 29 a\u00f1os de existencia. Tiene un presente consolidado y su estructura es sensiblemente mayor en tama\u00f1o y servicios ofrecidos que cuando fue creado en junio de 1994. Este trabajo efect\u00faa una recorrida sobre la situaci\u00f3n de los gobiernos locales y la de otros organismos similares, para sumergirse en las caracter\u00edsticas de la microregi\u00f3n del OIBCA, en la historia del organismo, el marco legal, la organizaci\u00f3n interna, los programas de trabajo y la forma en que se financia, adem\u00e1s de aportar relatos que ilustran la experiencia.<\/p>\n<p><em><strong>Libo\u00e1 Segre.<\/strong><\/em><\/p>\n","protected":false},"excerpt":{"rendered":"<p>Intimidad de una asociaci\u00f3n intermunicipal de tres d\u00e9cadas La asociaci\u00f3n entre municipios es uno de los recursos institucionales a los que se ha echado mano, para hacer frente a los procesos de descentralizaci\u00f3n, que transformaron la agenda de los gobiernos locales. Cuanto m\u00e1s peque\u00f1o el pueblo, mayor es la necesidad de asociarse, pero no siempre [&hellip;]<\/p>\n","protected":false},"featured_media":881,"comment_status":"closed","ping_status":"closed","template":"","meta":[],"product_cat":[15],"product_tag":[],"class_list":["post-1133","product","type-product","status-publish","has-post-thumbnail","hentry","product_cat-general"],"_links":{"self":[{"href":"https:\/\/eudelar.unlar.edu.ar\/index.php\/wp-json\/wp\/v2\/product\/1133","targetHints":{"allow":["GET"]}}],"collection":[{"href":"https:\/\/eudelar.unlar.edu.ar\/index.php\/wp-json\/wp\/v2\/product"}],"about":[{"href":"https:\/\/eudelar.unlar.edu.ar\/index.php\/wp-json\/wp\/v2\/types\/product"}],"replies":[{"embeddable":true,"href":"https:\/\/eudelar.unlar.edu.ar\/index.php\/wp-json\/wp\/v2\/comments?post=1133"}],"wp:featuredmedia":[{"embeddable":true,"href":"https:\/\/eudelar.unlar.edu.ar\/index.php\/wp-json\/wp\/v2\/media\/881"}],"wp:attachment":[{"href":"https:\/\/eudelar.unlar.edu.ar\/index.php\/wp-json\/wp\/v2\/media?parent=1133"}],"wp:term":[{"taxonomy":"product_cat","embeddable":true,"href":"https:\/\/eudelar.unlar.edu.ar\/index.php\/wp-json\/wp\/v2\/product_cat?post=1133"},{"taxonomy":"product_tag","embeddable":true,"href":"https:\/\/eudelar.unlar.edu.ar\/index.php\/wp-json\/wp\/v2\/product_tag?post=1133"}],"curies":[{"name":"wp","href":"https:\/\/api.w.org\/{rel}","templated":true}]}}