{"id":1132,"date":"2025-11-09T23:43:36","date_gmt":"2025-11-09T23:43:36","guid":{"rendered":"https:\/\/eudelar.unlar.edu.ar\/?post_type=product&#038;p=1132"},"modified":"2025-11-09T23:43:36","modified_gmt":"2025-11-09T23:43:36","slug":"el-milagro-surcoreano-y-la-clase-obrera-en-el-proceso-de-industrializacion-acelerada-1962-1986","status":"publish","type":"product","link":"https:\/\/eudelar.unlar.edu.ar\/index.php\/producto\/el-milagro-surcoreano-y-la-clase-obrera-en-el-proceso-de-industrializacion-acelerada-1962-1986\/","title":{"rendered":"EL MILAGRO SURCOREANO Y LA CLASE OBRERA EN EL PROCESO DE INDUSTRIALIZACI\u00d3N ACELERADA 1962-1986"},"content":{"rendered":"<p>Los diferentes procesos de industrializaci\u00f3n que se han materializado a lo largo de la historia, pocas veces, despertaron tanto inter\u00e9s como el denominado \u201cmilagro del Rio Han\u201d acaecido en Corea del Sur, a partir de 1960. Impulsado por dicho logro, se ha escrito \u2013copiosamente\u2013 sobre las causas y bases que determinaron el desarrollo capitalista de esta naci\u00f3n asi\u00e1tica en tan corto tiempo. As\u00ed, se remarc\u00f3 desde las condiciones que antepon\u00edan la posici\u00f3n geopol\u00edtica de Corea del Sur hasta la excepcionalidad de las pol\u00edticas que ejecut\u00f3 la dictadura de Park Chung-hee. Sin embargo, muy pocas veces, se puso el foco en el rol que cumpli\u00f3 la clase obrera surcoreana, y en especial, las mujeres, que con sus cuerpos y alientos cimentaron este proceso hist\u00f3rico.<br \/>\nEl presente libro, intenta \u2013desde una mirada latinoamericana\u2013 brindar una lectura profunda sobre el desempe\u00f1o de los trabajadores y trabajadoras surcoreanas en el periodo de industrializaci\u00f3n acelerada, haciendo hincapi\u00e9 en que este tipo de fen\u00f3menos hist\u00f3ricos no son el producto de f\u00f3rmulas milagrosas o eventos sobrenaturales, sino la materializaci\u00f3n del trabajo y la explotaci\u00f3n de millones de hombres y mujeres. Como expresa Jos\u00e9 G\u00f3mez Cerda, reconocido sindicalista dominicano, \u201ctodas las riquezas acumuladas en las naciones son el fruto de generaciones de mujeres y hombres que han contribuido con sus esfuerzos al progreso de toda la humanidad\u201d.<br \/>\nPor \u00faltimo, la presente publicaci\u00f3n es una gran apuesta que realiza la Universidad Nacional del Centro de la Provincia de Buenos Aires (UNICEN) y su editorial, ya que esta es la primera en el campo de los estudios sobre Asia en la regi\u00f3n. Con este libro, se alienta \u2013a que en un futuro pr\u00f3ximo\u2013 sean m\u00e1s los autores y autoras que aporten sus investigaciones para generar un corpus de conocimiento acad\u00e9mico sobre una de las zonas m\u00e1s importante del planeta, la cual liderar\u00e1 sin duda alguna, el mundo multipolar que est\u00e1 naciendo.<\/p>\n<p><em><strong>Luciano Mart\u00edn Lanare.<\/strong><\/em><\/p>\n","protected":false},"excerpt":{"rendered":"<p>Los diferentes procesos de industrializaci\u00f3n que se han materializado a lo largo de la historia, pocas veces, despertaron tanto inter\u00e9s como el denominado \u201cmilagro del Rio Han\u201d acaecido en Corea del Sur, a partir de 1960. Impulsado por dicho logro, se ha escrito \u2013copiosamente\u2013 sobre las causas y bases que determinaron el desarrollo capitalista de [&hellip;]<\/p>\n","protected":false},"featured_media":880,"comment_status":"closed","ping_status":"closed","template":"","meta":[],"product_cat":[15],"product_tag":[],"class_list":["post-1132","product","type-product","status-publish","has-post-thumbnail","hentry","product_cat-general"],"_links":{"self":[{"href":"https:\/\/eudelar.unlar.edu.ar\/index.php\/wp-json\/wp\/v2\/product\/1132","targetHints":{"allow":["GET"]}}],"collection":[{"href":"https:\/\/eudelar.unlar.edu.ar\/index.php\/wp-json\/wp\/v2\/product"}],"about":[{"href":"https:\/\/eudelar.unlar.edu.ar\/index.php\/wp-json\/wp\/v2\/types\/product"}],"replies":[{"embeddable":true,"href":"https:\/\/eudelar.unlar.edu.ar\/index.php\/wp-json\/wp\/v2\/comments?post=1132"}],"wp:featuredmedia":[{"embeddable":true,"href":"https:\/\/eudelar.unlar.edu.ar\/index.php\/wp-json\/wp\/v2\/media\/880"}],"wp:attachment":[{"href":"https:\/\/eudelar.unlar.edu.ar\/index.php\/wp-json\/wp\/v2\/media?parent=1132"}],"wp:term":[{"taxonomy":"product_cat","embeddable":true,"href":"https:\/\/eudelar.unlar.edu.ar\/index.php\/wp-json\/wp\/v2\/product_cat?post=1132"},{"taxonomy":"product_tag","embeddable":true,"href":"https:\/\/eudelar.unlar.edu.ar\/index.php\/wp-json\/wp\/v2\/product_tag?post=1132"}],"curies":[{"name":"wp","href":"https:\/\/api.w.org\/{rel}","templated":true}]}}