{"id":1131,"date":"2025-11-09T22:55:03","date_gmt":"2025-11-09T22:55:03","guid":{"rendered":"https:\/\/eudelar.unlar.edu.ar\/?post_type=product&#038;p=1131"},"modified":"2025-11-09T22:56:43","modified_gmt":"2025-11-09T22:56:43","slug":"el-ideal-unificador-en-america-latina","status":"publish","type":"product","link":"https:\/\/eudelar.unlar.edu.ar\/index.php\/producto\/el-ideal-unificador-en-america-latina\/","title":{"rendered":"EL IDEAL UNIFICADOR EN AM\u00c9RICA LATINA"},"content":{"rendered":"<h3>Dos siglos de integraci\u00f3n y fragmentaci\u00f3n<\/h3>\n<p>Quienquiera que emprenda la revisi\u00f3n de la trayectoria de Am\u00e9rica Latina desde los tiempos de la emancipaci\u00f3n hasta el presente, no podr\u00e1 dejar de advertir \u2013y, seguramente, tampoco podr\u00e1 dejar de sorprenderse\u2013 ante la continuidad del ideal unificador. Han sido doscientos a\u00f1os a lo largo de los cuales discursos, proyectos y experiencias concretas han dado testimonio de tal continuidad constituy\u00e9ndose en un inequ\u00edvoco rasgo de identidad de la regi\u00f3n. Sin embargo, este rumbo transcurri\u00f3 con alternativas cambiantes: hubo momentos en que las ideas y las iniciativas unificadoras adquirieron mayor intensidad y momentos de relativo eclipse.<\/p>\n<p>Esta obra procura dar cuenta de la continuidad del ideal unificador en la regi\u00f3n y presentar algunas hip\u00f3tesis sobre causas de tal fen\u00f3meno, particularmente, de la dial\u00e9ctica integraci\u00f3n\/fragmentaci\u00f3n que lo acompa\u00f1\u00f3 durante casi dos siglos. Parte del supuesto de que la explicaci\u00f3n de la continuidad tanto como de la sucesi\u00f3n de iniciativas asociativas debe buscarse en la interacci\u00f3n de factores pol\u00edticos, econ\u00f3micos y culturales, cuya l\u00f3gica s\u00f3lo puede ser descifrada mediante un enfoque integrado de las ciencias sociales\u201d.<\/p>\n<p><em><strong>Jos\u00e9 Paradiso<\/strong><\/em><\/p>\n","protected":false},"excerpt":{"rendered":"<p>Dos siglos de integraci\u00f3n y fragmentaci\u00f3n Quienquiera que emprenda la revisi\u00f3n de la trayectoria de Am\u00e9rica Latina desde los tiempos de la emancipaci\u00f3n hasta el presente, no podr\u00e1 dejar de advertir \u2013y, seguramente, tampoco podr\u00e1 dejar de sorprenderse\u2013 ante la continuidad del ideal unificador. Han sido doscientos a\u00f1os a lo largo de los cuales discursos, [&hellip;]<\/p>\n","protected":false},"featured_media":879,"comment_status":"closed","ping_status":"closed","template":"","meta":[],"product_cat":[15],"product_tag":[],"class_list":["post-1131","product","type-product","status-publish","has-post-thumbnail","hentry","product_cat-general"],"_links":{"self":[{"href":"https:\/\/eudelar.unlar.edu.ar\/index.php\/wp-json\/wp\/v2\/product\/1131","targetHints":{"allow":["GET"]}}],"collection":[{"href":"https:\/\/eudelar.unlar.edu.ar\/index.php\/wp-json\/wp\/v2\/product"}],"about":[{"href":"https:\/\/eudelar.unlar.edu.ar\/index.php\/wp-json\/wp\/v2\/types\/product"}],"replies":[{"embeddable":true,"href":"https:\/\/eudelar.unlar.edu.ar\/index.php\/wp-json\/wp\/v2\/comments?post=1131"}],"wp:featuredmedia":[{"embeddable":true,"href":"https:\/\/eudelar.unlar.edu.ar\/index.php\/wp-json\/wp\/v2\/media\/879"}],"wp:attachment":[{"href":"https:\/\/eudelar.unlar.edu.ar\/index.php\/wp-json\/wp\/v2\/media?parent=1131"}],"wp:term":[{"taxonomy":"product_cat","embeddable":true,"href":"https:\/\/eudelar.unlar.edu.ar\/index.php\/wp-json\/wp\/v2\/product_cat?post=1131"},{"taxonomy":"product_tag","embeddable":true,"href":"https:\/\/eudelar.unlar.edu.ar\/index.php\/wp-json\/wp\/v2\/product_tag?post=1131"}],"curies":[{"name":"wp","href":"https:\/\/api.w.org\/{rel}","templated":true}]}}