{"id":1130,"date":"2025-11-09T22:51:31","date_gmt":"2025-11-09T22:51:31","guid":{"rendered":"https:\/\/eudelar.unlar.edu.ar\/?post_type=product&#038;p=1130"},"modified":"2025-11-09T22:51:31","modified_gmt":"2025-11-09T22:51:31","slug":"el-hijo-del-arquitecto-romance-de-melisenda","status":"publish","type":"product","link":"https:\/\/eudelar.unlar.edu.ar\/index.php\/producto\/el-hijo-del-arquitecto-romance-de-melisenda\/","title":{"rendered":"EL HIJO DEL ARQUITECTO\/ ROMANCE DE MELISENDA"},"content":{"rendered":"<p><em>El hijo y del arquitecto<\/em> y <em>Romance de Melisenda<\/em>, que aqu\u00ed presentamos en un tomo, son <em>nouvelles<\/em> de Antonio Tello, consideradas por la cr\u00edtica espa\u00f1ola obras maestras del g\u00e9nero hist\u00f3rico, cuyas reglas el autor trasciende con el poder de su escritura.<\/p>\n<p>De la primera, donde el arquitecto prefigura al poeta que lucha contra la materia y el poder para edificar el mundo y hacerlo m\u00e1s habitable, Mario Muchnik, su primer editor en Espa\u00f1a, escribi\u00f3 que esta \u201cnovela es una reflexi\u00f3n sobre la creaci\u00f3n, sobre la iniciaci\u00f3n de la vida del hombre, como individuo y como ser colectivo, a trav\u00e9s del tiempo y bajo una misma sabidur\u00eda\u201d. Se trata de una obra l\u00edrica y de reflexi\u00f3n, que puede leerse como un poema o como una novela de aventuras.<\/p>\n<p><em>Romance de Melisenda<\/em> es una historia de amor en la que los amantes son instrumentos y v\u00edctimas del poder pol\u00edtico, militar y religioso en tiempos de Carlomagno. Narrada a partir del romance representado por Maese Pedro en la segunda parte del Quijote, es un relato \u201centonado a dos voces\u201d, dice el poeta Ram\u00f3n Garc\u00eda Mateos en \u201cEspacio Luke\u201d, que cuenta la tragedia de las todas las Melisendas, \u201cla de la mujer v\u00edctima del poder del hombre\u201d. En esta <em>nouvelle<\/em>, que se sostiene sobre la trama del lenguaje, Antonio Tello parece afirmar que \u201clos l\u00edmites de la escritura no los imponen los g\u00e9neros, sino las palabras\u201d, se\u00f1ala el poeta espa\u00f1ol Jorge Rodr\u00edguez Hidalgo.<\/p>\n<p><em><strong>Antonio Tello.<\/strong><\/em><\/p>\n","protected":false},"excerpt":{"rendered":"<p>El hijo y del arquitecto y Romance de Melisenda, que aqu\u00ed presentamos en un tomo, son nouvelles de Antonio Tello, consideradas por la cr\u00edtica espa\u00f1ola obras maestras del g\u00e9nero hist\u00f3rico, cuyas reglas el autor trasciende con el poder de su escritura. De la primera, donde el arquitecto prefigura al poeta que lucha contra la materia [&hellip;]<\/p>\n","protected":false},"featured_media":878,"comment_status":"closed","ping_status":"closed","template":"","meta":[],"product_cat":[15],"product_tag":[],"class_list":["post-1130","product","type-product","status-publish","has-post-thumbnail","hentry","product_cat-general"],"_links":{"self":[{"href":"https:\/\/eudelar.unlar.edu.ar\/index.php\/wp-json\/wp\/v2\/product\/1130","targetHints":{"allow":["GET"]}}],"collection":[{"href":"https:\/\/eudelar.unlar.edu.ar\/index.php\/wp-json\/wp\/v2\/product"}],"about":[{"href":"https:\/\/eudelar.unlar.edu.ar\/index.php\/wp-json\/wp\/v2\/types\/product"}],"replies":[{"embeddable":true,"href":"https:\/\/eudelar.unlar.edu.ar\/index.php\/wp-json\/wp\/v2\/comments?post=1130"}],"wp:featuredmedia":[{"embeddable":true,"href":"https:\/\/eudelar.unlar.edu.ar\/index.php\/wp-json\/wp\/v2\/media\/878"}],"wp:attachment":[{"href":"https:\/\/eudelar.unlar.edu.ar\/index.php\/wp-json\/wp\/v2\/media?parent=1130"}],"wp:term":[{"taxonomy":"product_cat","embeddable":true,"href":"https:\/\/eudelar.unlar.edu.ar\/index.php\/wp-json\/wp\/v2\/product_cat?post=1130"},{"taxonomy":"product_tag","embeddable":true,"href":"https:\/\/eudelar.unlar.edu.ar\/index.php\/wp-json\/wp\/v2\/product_tag?post=1130"}],"curies":[{"name":"wp","href":"https:\/\/api.w.org\/{rel}","templated":true}]}}