{"id":1018,"date":"2025-08-22T18:12:21","date_gmt":"2025-08-22T18:12:21","guid":{"rendered":"https:\/\/eudelar.unlar.edu.ar\/?post_type=product&#038;p=1018"},"modified":"2025-08-25T11:22:06","modified_gmt":"2025-08-25T11:22:06","slug":"aguada","status":"publish","type":"product","link":"https:\/\/eudelar.unlar.edu.ar\/index.php\/producto\/aguada\/","title":{"rendered":"AGUADA"},"content":{"rendered":"<h3><span style=\"font-weight: 400;\">Contribuci\u00f3n al estudio de una compleja iconograf\u00eda<\/span><\/h3>\n<p><span style=\"font-weight: 400;\">Aguada es la m\u00e1s exitosa de las invenciones de una cultura en la arqueolog\u00eda del Noroeste argentino. As\u00ed nombrada por el m\u00e1s famoso de los arque\u00f3logos del \u00e1rea andina de Argentina -Alberto Rex Gonz\u00e1lez-, se ha redificado m\u00e1s all\u00e1 de las fronteras nacionales y de los l\u00edmites de la academia. Hoy, la alfarer\u00eda denominada de ese modo se reproduce para el mercado tur\u00edstico-art\u00edstico entre ceramistas, artesanos y artesanas actuales y, en esta era poscolonial, de resurgimientos \u00e9tnicos y de reproducci\u00f3n digital, su profusa imaginer\u00eda se recrea cada vez m\u00e1s como \u00edconos de entidades pret\u00e9ritas que las poblaciones originarias reivindican como sus ancestros genuinos. \u00abY \u00bfpor qu\u00e9 no?\u00bb, dir\u00eda Marshall Sahlins, rehabilitando el denostado concepto de cultura como esa perpetua y, a la vez -y sobre todo-, cambiante realidad incesablemente construida por los seres humanos.<\/span><span style=\"font-weight: 400;\"><br \/>\n<\/span> <span style=\"font-weight: 400;\">En este libro, que Alejandra Korstanje se ha empe\u00f1ado tesoneramente en publicar -tanto por su lealtad con los pueblos originarios como por el conocimiento arqueol\u00f3gico del pasado, por respeto a la educaci\u00f3n p\u00fablica y por el valor que da a compromisos adquiridos-, veremos ahora no solo un trozo de esa visi\u00f3n de la d\u00e9cada de 1980 sobre lo que se denominaba \u00abAguada\u00bb, sino tambi\u00e9n un trozo de la historia de nuestras artesanales pr\u00e1cticas profesionales.<\/span><span style=\"font-weight: 400;\"><br \/>\n<\/span> <span style=\"font-weight: 400;\">Esta \u00abnueva\u00bb publicaci\u00f3n de un estudio elaborado hace a\u00f1os, enmarcada ahora en tiempos (pos) posmodernos, quiz\u00e1s viene a cumplir unas funciones para las cuales no hab\u00eda sido concebida. En este sentido, podr\u00eda ser inesperadamente oportuna y tal vez ha de tener repercusiones no previstas por la misma autora al momento de su redacci\u00f3n. En aquella \u00e9poca todav\u00eda no estaba tan arraigada entre curadores, especialistas en arte, historiadores, arque\u00f3logos y conservadores de museos la preocupaci\u00f3n por la salvaguarda de saberes y artes antiguos mediante la puesta en valor, el uso social y la difusi\u00f3n masiva de las obras y los bienes aut\u00f3ctonos, que estuvieron por largo tiempo resguardados y ocultos en los polvosos anaqueles de los museos y las colecciones privadas. De all\u00ed que uno de esos posibles usos sociales, no previstos hace m\u00e1s de treinta a\u00f1os, es la restituci\u00f3n de la capacidad de conocer, preservar y difundir una herencia hist\u00f3rica antigua, un patrimonio est\u00e9tico y visual originalmente concebido por las poblaciones nativas antes de su colonizaci\u00f3n, y disponible para ser revivificado y para servir a su propio y originario \u00abRenacimiento\u00bb. <\/span><span style=\"font-weight: 400;\">(Mar\u00eda Cristina Scattolin)<\/span><\/p>\n<p><em><strong>M. Alejandra Korstanje<\/strong><\/em><\/p>\n","protected":false},"excerpt":{"rendered":"<p>Contribuci\u00f3n al estudio de una compleja iconograf\u00eda Aguada es la m\u00e1s exitosa de las invenciones de una cultura en la arqueolog\u00eda del Noroeste argentino. As\u00ed nombrada por el m\u00e1s famoso de los arque\u00f3logos del \u00e1rea andina de Argentina -Alberto Rex Gonz\u00e1lez-, se ha redificado m\u00e1s all\u00e1 de las fronteras nacionales y de los l\u00edmites de [&hellip;]<\/p>\n","protected":false},"featured_media":831,"comment_status":"closed","ping_status":"closed","template":"","meta":[],"product_cat":[15],"product_tag":[],"class_list":["post-1018","product","type-product","status-publish","has-post-thumbnail","hentry","product_cat-general"],"_links":{"self":[{"href":"https:\/\/eudelar.unlar.edu.ar\/index.php\/wp-json\/wp\/v2\/product\/1018","targetHints":{"allow":["GET"]}}],"collection":[{"href":"https:\/\/eudelar.unlar.edu.ar\/index.php\/wp-json\/wp\/v2\/product"}],"about":[{"href":"https:\/\/eudelar.unlar.edu.ar\/index.php\/wp-json\/wp\/v2\/types\/product"}],"replies":[{"embeddable":true,"href":"https:\/\/eudelar.unlar.edu.ar\/index.php\/wp-json\/wp\/v2\/comments?post=1018"}],"wp:featuredmedia":[{"embeddable":true,"href":"https:\/\/eudelar.unlar.edu.ar\/index.php\/wp-json\/wp\/v2\/media\/831"}],"wp:attachment":[{"href":"https:\/\/eudelar.unlar.edu.ar\/index.php\/wp-json\/wp\/v2\/media?parent=1018"}],"wp:term":[{"taxonomy":"product_cat","embeddable":true,"href":"https:\/\/eudelar.unlar.edu.ar\/index.php\/wp-json\/wp\/v2\/product_cat?post=1018"},{"taxonomy":"product_tag","embeddable":true,"href":"https:\/\/eudelar.unlar.edu.ar\/index.php\/wp-json\/wp\/v2\/product_tag?post=1018"}],"curies":[{"name":"wp","href":"https:\/\/api.w.org\/{rel}","templated":true}]}}