{"id":1016,"date":"2025-08-22T17:40:51","date_gmt":"2025-08-22T17:40:51","guid":{"rendered":"https:\/\/eudelar.unlar.edu.ar\/?post_type=product&#038;p=1016"},"modified":"2025-08-25T11:19:47","modified_gmt":"2025-08-25T11:19:47","slug":"agricultores-judios-en-el-campo-argentino","status":"publish","type":"product","link":"https:\/\/eudelar.unlar.edu.ar\/index.php\/producto\/agricultores-judios-en-el-campo-argentino\/","title":{"rendered":"AGRICULTORES JUD\u00cdOS EN EL CAMPO ARGENTINO"},"content":{"rendered":"<h3><span style=\"font-weight: 400;\"><strong>Memorias, relatos biogr\u00e1ficos e historias de vida<\/strong><\/span><\/h3>\n<p><span style=\"font-weight: 400;\">Esta antolog\u00eda re\u00fane textos que permiten conocer c\u00f3mo fue la llegada de inmigrantes jud\u00edos a la Argentina entre fines del siglo XIX y comienzos del XX, su asentamiento, sus modos de trabajar la tierra, de habitar, de socializar, de construir identidades, de vivir.\u00a0<\/span><i><span style=\"font-weight: 400;\">Agricultores jud\u00edos en el campo argentino<\/span><\/i><span style=\"font-weight: 400;\"> re\u00fane memorias, relatos biogr\u00e1ficos e historias de vida que configuran una constelaci\u00f3n en la que se cruzan el exilio, el criollismo, lo rural y lo urbano, la presencia de la oralidad en la escritura, las llamativas denominaciones de las colonias, los pormenores de su organizaci\u00f3n, las pr\u00e1cticas de lectura, las costumbres diarias, los saberes t\u00e1citos, el bar\u00f3n Hirsch, la pujanza para llevar adelante las producciones culturales, las dificultades propias de todo desplazamiento interoce\u00e1nico, las relaciones con los animales, los cultivos, las cosas. El lector hallar\u00e1 tambi\u00e9n briznas en donde lo jud\u00edo no remite solo a una dimensi\u00f3n ritual, sino que es la lente de la que nos podemos valer para explorar en ese \u00abespacio biogr\u00e1fico\u00bb los fen\u00f3menos migratorios que atraviesan la historia argentina.<\/span><span style=\"font-weight: 400;\"><br \/>\n<\/span> <span style=\"font-weight: 400;\">Como se\u00f1ala Leonardo Senkman en el posfacio, los textos presentados dialogan con otras obras \u00e9ditas, in\u00e9ditas y con el legado oral, un corpus vivo que est\u00e1 lejos de cerrarse. La frescura de estas p\u00e1ginas nos pone en una curiosa relaci\u00f3n con el tiempo: asomamos a un pasado en el que se mira al futuro, situaci\u00f3n propicia para reflexionar sobre nuestro presente.<\/span><\/p>\n<p><em><strong>Dickmann, Rapoport y otros<\/strong><\/em><\/p>\n","protected":false},"excerpt":{"rendered":"<p>Memorias, relatos biogr\u00e1ficos e historias de vida Esta antolog\u00eda re\u00fane textos que permiten conocer c\u00f3mo fue la llegada de inmigrantes jud\u00edos a la Argentina entre fines del siglo XIX y comienzos del XX, su asentamiento, sus modos de trabajar la tierra, de habitar, de socializar, de construir identidades, de vivir.\u00a0Agricultores jud\u00edos en el campo argentino [&hellip;]<\/p>\n","protected":false},"featured_media":830,"comment_status":"closed","ping_status":"closed","template":"","meta":[],"product_cat":[15],"product_tag":[],"class_list":["post-1016","product","type-product","status-publish","has-post-thumbnail","hentry","product_cat-general"],"_links":{"self":[{"href":"https:\/\/eudelar.unlar.edu.ar\/index.php\/wp-json\/wp\/v2\/product\/1016","targetHints":{"allow":["GET"]}}],"collection":[{"href":"https:\/\/eudelar.unlar.edu.ar\/index.php\/wp-json\/wp\/v2\/product"}],"about":[{"href":"https:\/\/eudelar.unlar.edu.ar\/index.php\/wp-json\/wp\/v2\/types\/product"}],"replies":[{"embeddable":true,"href":"https:\/\/eudelar.unlar.edu.ar\/index.php\/wp-json\/wp\/v2\/comments?post=1016"}],"wp:featuredmedia":[{"embeddable":true,"href":"https:\/\/eudelar.unlar.edu.ar\/index.php\/wp-json\/wp\/v2\/media\/830"}],"wp:attachment":[{"href":"https:\/\/eudelar.unlar.edu.ar\/index.php\/wp-json\/wp\/v2\/media?parent=1016"}],"wp:term":[{"taxonomy":"product_cat","embeddable":true,"href":"https:\/\/eudelar.unlar.edu.ar\/index.php\/wp-json\/wp\/v2\/product_cat?post=1016"},{"taxonomy":"product_tag","embeddable":true,"href":"https:\/\/eudelar.unlar.edu.ar\/index.php\/wp-json\/wp\/v2\/product_tag?post=1016"}],"curies":[{"name":"wp","href":"https:\/\/api.w.org\/{rel}","templated":true}]}}