{"id":1011,"date":"2025-08-21T13:39:12","date_gmt":"2025-08-21T13:39:12","guid":{"rendered":"https:\/\/eudelar.unlar.edu.ar\/?post_type=product&#038;p=1011"},"modified":"2025-08-21T13:56:29","modified_gmt":"2025-08-21T13:56:29","slug":"adorno-y-los-materiales","status":"publish","type":"product","link":"https:\/\/eudelar.unlar.edu.ar\/index.php\/producto\/adorno-y-los-materiales\/","title":{"rendered":"ADORNO Y LOS MATERIALES"},"content":{"rendered":"<h3><strong>Lenguaje, territorio, cuerpo y vanguardias<\/strong><\/h3>\n<p style=\"text-align: left;\"><span style=\"font-weight: 400;\">Este libro es una versi\u00f3n revisada de una disertaci\u00f3n doctoral, pero su origen en una instancia acad\u00e9mica formal no deber\u00eda suscitar equ\u00edvocos sobre lo que aqu\u00ed nos ofrece Manuel Molina. Esto por varios motivos. En principio, por la virtud de su escritura. Laboriosa y erudita, sin desdecir la elegancia, se aleja completamente de la pesadez acartonada del estilo de las tesis doctorales. Luego, por el tratamiento de su objeto. Este, el concepto de material est\u00e9tico en la obra tard\u00eda de Theodor W. Adorno, m\u00e1s que girar tautol\u00f3gicamente sobre s\u00ed mismo, var\u00eda de modo sorprendente seg\u00fan los contextos de ejecuci\u00f3n y se disemina en el desarrollo inmanente de la interpretaci\u00f3n mucho m\u00e1s all\u00e1 de los cl\u00e1sicos\u00a0topoi\u00a0del fil\u00f3sofo frankfurtiano. Despu\u00e9s, por su relaci\u00f3n con el pensamiento filos\u00f3fico y la reflexi\u00f3n art\u00edstica. Sin ser un fil\u00f3sofo de profesi\u00f3n, Molina se vale rigurosamente de la comprensi\u00f3n filos\u00f3fica en funci\u00f3n de las exigencias de su propio pensamiento sobre el arte y con ello inviste a la investigaci\u00f3n filos\u00f3fica y a la autocomprensi\u00f3n art\u00edstica de una frescura desacostumbrada dentro de la divisi\u00f3n departamental de los saberes especializados. Y, finalmente, por el v\u00ednculo indiviso que establece entre el acto de escribir y la propia experiencia. En contraste con la elisi\u00f3n del sujeto en las disertaciones, \u00e9l no se desentiende del peso de los lugares desde los que toma la palabra. No s\u00f3lo porque expone la diferencia y la distancia que lo constituyen como sujeto de lectura y escritura (el marica sudaca blanco de clase media con privilegios relativos), sino porque a su vez en el texto se traslucen las vacilaciones irresueltas que pugnan en su propia vida, tensionada entre el investigador del arte que se atiene al f\u00e9rreo trabajo conceptual de las disciplinas cient\u00edficas y el artista que produce cosas y actos que franquean los c\u00f3digos de inteligibilidad de los discursos y pr\u00e1cticas institucionales corrientes.<\/span><\/p>\n<p><strong>Manuel Molina<\/strong><\/p>\n<p>&nbsp;<\/p>\n","protected":false},"excerpt":{"rendered":"<p>Lenguaje, territorio, cuerpo y vanguardias Este libro es una versi\u00f3n revisada de una disertaci\u00f3n doctoral, pero su origen en una instancia acad\u00e9mica formal no deber\u00eda suscitar equ\u00edvocos sobre lo que aqu\u00ed nos ofrece Manuel Molina. Esto por varios motivos. En principio, por la virtud de su escritura. Laboriosa y erudita, sin desdecir la elegancia, se [&hellip;]<\/p>\n","protected":false},"featured_media":829,"comment_status":"closed","ping_status":"closed","template":"","meta":[],"product_cat":[15],"product_tag":[],"class_list":["post-1011","product","type-product","status-publish","has-post-thumbnail","hentry","product_cat-general"],"_links":{"self":[{"href":"https:\/\/eudelar.unlar.edu.ar\/index.php\/wp-json\/wp\/v2\/product\/1011","targetHints":{"allow":["GET"]}}],"collection":[{"href":"https:\/\/eudelar.unlar.edu.ar\/index.php\/wp-json\/wp\/v2\/product"}],"about":[{"href":"https:\/\/eudelar.unlar.edu.ar\/index.php\/wp-json\/wp\/v2\/types\/product"}],"replies":[{"embeddable":true,"href":"https:\/\/eudelar.unlar.edu.ar\/index.php\/wp-json\/wp\/v2\/comments?post=1011"}],"wp:featuredmedia":[{"embeddable":true,"href":"https:\/\/eudelar.unlar.edu.ar\/index.php\/wp-json\/wp\/v2\/media\/829"}],"wp:attachment":[{"href":"https:\/\/eudelar.unlar.edu.ar\/index.php\/wp-json\/wp\/v2\/media?parent=1011"}],"wp:term":[{"taxonomy":"product_cat","embeddable":true,"href":"https:\/\/eudelar.unlar.edu.ar\/index.php\/wp-json\/wp\/v2\/product_cat?post=1011"},{"taxonomy":"product_tag","embeddable":true,"href":"https:\/\/eudelar.unlar.edu.ar\/index.php\/wp-json\/wp\/v2\/product_tag?post=1011"}],"curies":[{"name":"wp","href":"https:\/\/api.w.org\/{rel}","templated":true}]}}