{"id":1002,"date":"2025-07-29T14:41:15","date_gmt":"2025-07-29T14:41:15","guid":{"rendered":"https:\/\/eudelar.unlar.edu.ar\/?post_type=product&#038;p=1002"},"modified":"2025-07-29T17:22:28","modified_gmt":"2025-07-29T17:22:28","slug":"aborto-y-misoprostol","status":"publish","type":"product","link":"https:\/\/eudelar.unlar.edu.ar\/index.php\/producto\/aborto-y-misoprostol\/","title":{"rendered":"ABORTO Y MISOPROSTOL"},"content":{"rendered":"<h3><b>Historia de una pastilla<\/b><\/h3>\n<p><span style=\"font-weight: 400;\">Cuando el misoprostol sali\u00f3 al mercado, en Estados Unidos durante la d\u00e9cada de 1980, se indic\u00f3 como protector g\u00e1strico, instalando como contraindicaci\u00f3n su posible uso como una droga abortiva y, de esta forma, lleg\u00f3 a Am\u00e9rica Latina. Desde entonces, fueron miles de mujeres las que exploraron de qu\u00e9 manera y en qu\u00e9 dosis el misoprostol pod\u00eda interrumpir embarazos no deseados. De esas experiencias, en Argentina las mujeres construyeron saberes que fueron tomados como referencia por profesionales de la salud y colectivos feministas que, a\u00fan en contexto de clandestinidad, desconoc\u00edan en la mayor\u00eda de los casos c\u00f3mo indicar el misoprostol par<\/span><span style=\"font-weight: 400;\">a practicar abortos seguros.\u00a0<\/span><\/p>\n<p><span style=\"font-weight: 400;\">En este libro, fruto de su tesis doctoral, Natacha Mateo reconstruye esa larga historia en la que mujeres, colectivos feministas, profesionales de la salud, farmacias, foros de venta, &#8216;panfletos, fanzines; socorristas, militantes y efectores p\u00fablicos fueron enlazando saberes que generaban al calor de la urgencia por interrumpir embarazos mientras avanzaba en la agenda p\u00fablica el debate sobre el derecho a decidir de las personas con posibilidad de gestar. La autora reconstruye, con audacia y rigurosidad, la trayectoria sociot\u00e9cnica del misoprostol como droga abortiva, entramada desde siempre con la lucha de las mujeres por el aborto legal seguro y gratuito en Argentina.<\/span><\/p>\n<p><em><strong>Natacha Mateo<\/strong><\/em><\/p>\n","protected":false},"excerpt":{"rendered":"<p>Historia de una pastilla Cuando el misoprostol sali\u00f3 al mercado, en Estados Unidos durante la d\u00e9cada de 1980, se indic\u00f3 como protector g\u00e1strico, instalando como contraindicaci\u00f3n su posible uso como una droga abortiva y, de esta forma, lleg\u00f3 a Am\u00e9rica Latina. Desde entonces, fueron miles de mujeres las que exploraron de qu\u00e9 manera y en [&hellip;]<\/p>\n","protected":false},"featured_media":828,"comment_status":"closed","ping_status":"closed","template":"","meta":[],"product_cat":[15],"product_tag":[],"class_list":["post-1002","product","type-product","status-publish","has-post-thumbnail","hentry","product_cat-general"],"_links":{"self":[{"href":"https:\/\/eudelar.unlar.edu.ar\/index.php\/wp-json\/wp\/v2\/product\/1002","targetHints":{"allow":["GET"]}}],"collection":[{"href":"https:\/\/eudelar.unlar.edu.ar\/index.php\/wp-json\/wp\/v2\/product"}],"about":[{"href":"https:\/\/eudelar.unlar.edu.ar\/index.php\/wp-json\/wp\/v2\/types\/product"}],"replies":[{"embeddable":true,"href":"https:\/\/eudelar.unlar.edu.ar\/index.php\/wp-json\/wp\/v2\/comments?post=1002"}],"wp:featuredmedia":[{"embeddable":true,"href":"https:\/\/eudelar.unlar.edu.ar\/index.php\/wp-json\/wp\/v2\/media\/828"}],"wp:attachment":[{"href":"https:\/\/eudelar.unlar.edu.ar\/index.php\/wp-json\/wp\/v2\/media?parent=1002"}],"wp:term":[{"taxonomy":"product_cat","embeddable":true,"href":"https:\/\/eudelar.unlar.edu.ar\/index.php\/wp-json\/wp\/v2\/product_cat?post=1002"},{"taxonomy":"product_tag","embeddable":true,"href":"https:\/\/eudelar.unlar.edu.ar\/index.php\/wp-json\/wp\/v2\/product_tag?post=1002"}],"curies":[{"name":"wp","href":"https:\/\/api.w.org\/{rel}","templated":true}]}}