{"id":1000,"date":"2025-07-28T18:14:14","date_gmt":"2025-07-28T18:14:14","guid":{"rendered":"https:\/\/eudelar.unlar.edu.ar\/?post_type=product&#038;p=1000"},"modified":"2025-08-21T13:55:14","modified_gmt":"2025-08-21T13:55:14","slug":"abejas-sin-aguijon","status":"publish","type":"product","link":"https:\/\/eudelar.unlar.edu.ar\/index.php\/producto\/abejas-sin-aguijon\/","title":{"rendered":"ABEJAS SIN AGUIJ\u00d3N"},"content":{"rendered":"<h3><strong>Gu\u00eda etnotaxon\u00f3mica<\/strong><\/h3>\n<p>Esta gu\u00eda nace de la observaci\u00f3n sobre los encuentros entre sociedad y naturaleza; la idea es introducir a los lectores al universo de un grupo de insectos maravillosos e intrigantes desde una perspectiva que busca el di\u00e1logo entre miradas y refleja tanto los saberes de pobladores locales como el de investigadores de las ciencias naturales sobre las abejas sin aguij\u00f3n de Misiones.\u00a0Esta gu\u00eda de campo etnotaxon\u00f3mica fue elaborada en base a los saberes emp\u00edricos y criterios de identificaci\u00f3n de los m\u00e1s de 60 pobladores rurales con quienes se trabaj\u00f3 y que por ende tambi\u00e9n son autores de la misma. Se recopilaron los conocimientos de 21 especies de abejas sin aguij\u00f3n a las cuales se puede llegar a trav\u00e9s de formas diferentes de b\u00fasquedas: la identificaci\u00f3n a trav\u00e9s de clave etnotaxon\u00f3mica o por medio de la identificaci\u00f3n intuitiva que se presenta como una serie de esquemas de relaciones y una gu\u00eda fotogr\u00e1fica r\u00e1pida. As\u00ed el lector podr\u00e1 sumergirse en b\u00fasquedas que lo conducir\u00e1n a las especies de abejas sin aguij\u00f3n de Misiones de forma din\u00e1mica y sin necesidad de conocimientos previos. Adem\u00e1s de ser una herramienta para identificar especies, la gu\u00eda cuenta con informaci\u00f3n general y complementaria sobre el contexto geogr\u00e1fico y tem\u00e1tico, que fue necesaria para dar cuenta del proceso por el cual se lleg\u00f3 a los saberes locales, y as\u00ed comprender que los pobladores rurales de Misiones no s\u00f3lo hablan de abejas cuando hablan de abejas, sino tambi\u00e9n de formas de vida, historias y costumbres con la que se construye diariamente un frondoso entramado de relaciones entre naturaleza y sociedad. Por ello, a lo largo de sus p\u00e1ginas, los lectores encontrar\u00e1n apartados que, como ventanas, se abren a nuevos conocimientos e informaci\u00f3n sobre el mundo de las abejas sin aguij\u00f3n, pero tambi\u00e9n a relatos e historias de la gente recopiladas en el andar por las chacras misioneras. De esta forma, por su contendido amplio es posible pensar esta gu\u00eda como una herramienta de divulgaci\u00f3n para un p\u00fablico diverso.\u00a0En esta segunda edici\u00f3n (1.<sup>a<\/sup> edici\u00f3n 2016) se ampliaron y actualizaron contenidos, aumentando a un total de 23 especies, adem\u00e1s de contar con un ep\u00edlogo de la prestigiosa investigadora Dra. Guimar Nates Parra, del Laboratorio de Investigaciones en Abejas (LABUN) de la Universidad Nacional de Colombia.<\/p>\n<p><em><strong>Fernando Zamudio, Leopoldo \u00c1lvarez<\/strong><\/em><\/p>\n","protected":false},"excerpt":{"rendered":"<p>Gu\u00eda etnotaxon\u00f3mica Esta gu\u00eda nace de la observaci\u00f3n sobre los encuentros entre sociedad y naturaleza; la idea es introducir a los lectores al universo de un grupo de insectos maravillosos e intrigantes desde una perspectiva que busca el di\u00e1logo entre miradas y refleja tanto los saberes de pobladores locales como el de investigadores de las [&hellip;]<\/p>\n","protected":false},"featured_media":827,"comment_status":"closed","ping_status":"closed","template":"","meta":[],"product_cat":[15],"product_tag":[],"class_list":["post-1000","product","type-product","status-publish","has-post-thumbnail","hentry","product_cat-general"],"_links":{"self":[{"href":"https:\/\/eudelar.unlar.edu.ar\/index.php\/wp-json\/wp\/v2\/product\/1000","targetHints":{"allow":["GET"]}}],"collection":[{"href":"https:\/\/eudelar.unlar.edu.ar\/index.php\/wp-json\/wp\/v2\/product"}],"about":[{"href":"https:\/\/eudelar.unlar.edu.ar\/index.php\/wp-json\/wp\/v2\/types\/product"}],"replies":[{"embeddable":true,"href":"https:\/\/eudelar.unlar.edu.ar\/index.php\/wp-json\/wp\/v2\/comments?post=1000"}],"wp:featuredmedia":[{"embeddable":true,"href":"https:\/\/eudelar.unlar.edu.ar\/index.php\/wp-json\/wp\/v2\/media\/827"}],"wp:attachment":[{"href":"https:\/\/eudelar.unlar.edu.ar\/index.php\/wp-json\/wp\/v2\/media?parent=1000"}],"wp:term":[{"taxonomy":"product_cat","embeddable":true,"href":"https:\/\/eudelar.unlar.edu.ar\/index.php\/wp-json\/wp\/v2\/product_cat?post=1000"},{"taxonomy":"product_tag","embeddable":true,"href":"https:\/\/eudelar.unlar.edu.ar\/index.php\/wp-json\/wp\/v2\/product_tag?post=1000"}],"curies":[{"name":"wp","href":"https:\/\/api.w.org\/{rel}","templated":true}]}}