{"id":780,"date":"2025-06-04T22:50:35","date_gmt":"2025-06-04T22:50:35","guid":{"rendered":"https:\/\/eudelar.unlar.edu.ar\/?page_id=780"},"modified":"2025-10-08T14:47:07","modified_gmt":"2025-10-08T14:47:07","slug":"recursos","status":"publish","type":"page","link":"https:\/\/eudelar.unlar.edu.ar\/index.php\/recursos\/","title":{"rendered":"Recursos"},"content":{"rendered":"\n<p>Los recursos que se detallan a continuaci\u00f3n se ponen a disposici\u00f3n de los autores como material de consulta y orientaci\u00f3n para el desarrollo de sus publicaciones, en concordancia con las etapas establecidas en el flujo editorial.<\/p>\n\n\n\n<ol class=\"wp-block-list\">\n<li><a href=\"https:\/\/eudelar.unlar.edu.ar\/wp-content\/uploads\/2025\/06\/Manual-de-Recursos-para-Autores.pdf\">Manual de estilo (o Manual de recursos para autores)<\/a><\/li>\n\n\n\n<li><a href=\"https:\/\/eudelar.unlar.edu.ar\/wp-content\/uploads\/2025\/06\/Guia-para-la-Publicacion-de-Libros-de-Jornadas-y-Congresos.pdf\" data-type=\"link\" data-id=\"https:\/\/eudelar.unlar.edu.ar\/wp-content\/uploads\/2025\/06\/Guia-para-la-Publicacion-de-Libros-de-Jornadas-y-Congresos.pdf\">Gu\u00eda para la publicaci\u00f3n de jornadas y congresos<\/a><\/li>\n\n\n\n<li><a href=\"https:\/\/eudelar.unlar.edu.ar\/wp-content\/uploads\/2025\/10\/PLANTILLA-DE-TESIS.docx\" data-type=\"link\" data-id=\"https:\/\/eudelar.unlar.edu.ar\/wp-content\/uploads\/2025\/10\/PLANTILLA-DE-TESIS.docx\">Gu\u00eda de formato para la publicaci\u00f3n de tesis<\/a><\/li>\n\n\n\n<li><a href=\"https:\/\/eudelar.unlar.edu.ar\/wp-content\/uploads\/2025\/10\/Proceso-de-edicion.png\" data-type=\"link\" data-id=\"https:\/\/eudelar.unlar.edu.ar\/wp-content\/uploads\/2025\/10\/Proceso-de-edicion.png\">Flujo de trabajo en el proceso de edici\u00f3n<\/a><\/li>\n\n\n\n<li><a href=\"https:\/\/eudelar.unlar.edu.ar\/wp-content\/uploads\/2025\/10\/Coleccion-Tesis.png\" data-type=\"link\" data-id=\"https:\/\/eudelar.unlar.edu.ar\/wp-content\/uploads\/2025\/10\/Coleccion-Tesis.png\">Convocatoria publicaci\u00f3n de tesis<\/a><\/li>\n\n\n\n<li><a href=\"https:\/\/eudelar.unlar.edu.ar\/wp-content\/uploads\/2025\/10\/Coleccion-Apuntes.png\" data-type=\"link\" data-id=\"https:\/\/eudelar.unlar.edu.ar\/wp-content\/uploads\/2025\/10\/Coleccion-Apuntes.png\">Convocatoria publicaci\u00f3n de apuntes<\/a><\/li>\n\n\n\n<li><a href=\"https:\/\/eudelar.unlar.edu.ar\/wp-content\/uploads\/2025\/10\/Coleccion-Jornadas-y-Congresos.png\" data-type=\"link\" data-id=\"https:\/\/eudelar.unlar.edu.ar\/wp-content\/uploads\/2025\/10\/Coleccion-Jornadas-y-Congresos.png\">Convocatoria publicaci\u00f3n de Jornadas y Congresos<\/a><\/li>\n<\/ol>\n\n\n\n<p><\/p>\n","protected":false},"excerpt":{"rendered":"<p>Los recursos que se detallan a continuaci\u00f3n se ponen a disposici\u00f3n de los autores como material de consulta y orientaci\u00f3n para el desarrollo de sus publicaciones, en concordancia con las etapas establecidas en el flujo editorial.<\/p>\n","protected":false},"author":1,"featured_media":0,"parent":0,"menu_order":0,"comment_status":"closed","ping_status":"closed","template":"","meta":{"footnotes":""},"class_list":["post-780","page","type-page","status-publish","hentry"],"_links":{"self":[{"href":"https:\/\/eudelar.unlar.edu.ar\/index.php\/wp-json\/wp\/v2\/pages\/780","targetHints":{"allow":["GET"]}}],"collection":[{"href":"https:\/\/eudelar.unlar.edu.ar\/index.php\/wp-json\/wp\/v2\/pages"}],"about":[{"href":"https:\/\/eudelar.unlar.edu.ar\/index.php\/wp-json\/wp\/v2\/types\/page"}],"author":[{"embeddable":true,"href":"https:\/\/eudelar.unlar.edu.ar\/index.php\/wp-json\/wp\/v2\/users\/1"}],"replies":[{"embeddable":true,"href":"https:\/\/eudelar.unlar.edu.ar\/index.php\/wp-json\/wp\/v2\/comments?post=780"}],"version-history":[{"count":11,"href":"https:\/\/eudelar.unlar.edu.ar\/index.php\/wp-json\/wp\/v2\/pages\/780\/revisions"}],"predecessor-version":[{"id":1099,"href":"https:\/\/eudelar.unlar.edu.ar\/index.php\/wp-json\/wp\/v2\/pages\/780\/revisions\/1099"}],"wp:attachment":[{"href":"https:\/\/eudelar.unlar.edu.ar\/index.php\/wp-json\/wp\/v2\/media?parent=780"}],"curies":[{"name":"wp","href":"https:\/\/api.w.org\/{rel}","templated":true}]}}