{"id":64,"date":"2022-08-17T13:11:00","date_gmt":"2022-08-17T13:11:00","guid":{"rendered":"http:\/\/170.210.152.212\/eudelar\/?page_id=64"},"modified":"2022-10-21T15:42:56","modified_gmt":"2022-10-21T15:42:56","slug":"editorial-2","status":"publish","type":"page","link":"https:\/\/eudelar.unlar.edu.ar\/index.php\/editorial-2\/","title":{"rendered":"La Editorial"},"content":{"rendered":"<p><span style=\"font-weight: 400;\">La Editorial Universitaria de La Rioja (EUDELaR) es una unidad que depende de la Universidad Nacional de La Rioja (UNLaR). Su misi\u00f3n es aportar a la visibilizaci\u00f3n p\u00fablica del conocimiento cient\u00edfico, acad\u00e9mico y cultural de manera profesional y eficiente, a trav\u00e9s de la edici\u00f3n y difusi\u00f3n de publicaciones originales y de calidad.<\/span><\/p>\n<p>EUDELaR publica libros de todas las disciplinas y tem\u00e1ticas de la Universidad Nacional de La Rioja en todas sus Sedes y Delegaciones. Las propuestas que se presenten para formar parte del cat\u00e1logo deber\u00e1n cumplir ciertos requisitos para poder ser consideradas en las distintas instancias evaluativas por parte de la Comisi\u00f3n Editorial.<\/p>\n<p>EUDELaR edita obras cuyos contenidos originales se hayan trabajado para generar libros, es decir, productos culturales o acad\u00e9micos que buscan circular entre diversas comunidades lectoras. EUDELaR edita compilaciones de art\u00edculos o&nbsp;<em>papers<\/em> que hayan sido pensados como libros y\/o revistas y que tengan conexi\u00f3n entre s\u00ed.<\/p>\n<p><\/p>\n\n<div class=\"wp-block-image\">\n<figure class=\"aligncenter size-large\"><img loading=\"lazy\" decoding=\"async\" width=\"1024\" height=\"515\" src=\"https:\/\/eudelar.unlar.edu.ar\/wp-content\/uploads\/2022\/10\/Libros-rectangular2-1024x515.jpg\" alt=\"\" class=\"wp-image-466\" srcset=\"https:\/\/eudelar.unlar.edu.ar\/wp-content\/uploads\/2022\/10\/Libros-rectangular2-1024x515.jpg 1024w, https:\/\/eudelar.unlar.edu.ar\/wp-content\/uploads\/2022\/10\/Libros-rectangular2-300x151.jpg 300w, https:\/\/eudelar.unlar.edu.ar\/wp-content\/uploads\/2022\/10\/Libros-rectangular2-768x386.jpg 768w, https:\/\/eudelar.unlar.edu.ar\/wp-content\/uploads\/2022\/10\/Libros-rectangular2-416x209.jpg 416w, https:\/\/eudelar.unlar.edu.ar\/wp-content\/uploads\/2022\/10\/Libros-rectangular2.jpg 1280w\" sizes=\"auto, (max-width: 1024px) 100vw, 1024px\" \/><\/figure>\n<\/div>","protected":false},"excerpt":{"rendered":"<p>La Editorial Universitaria de La Rioja (EUDELaR) es una unidad que depende de la Universidad Nacional de La Rioja (UNLaR). Su misi\u00f3n es aportar a la visibilizaci\u00f3n p\u00fablica del conocimiento cient\u00edfico, acad\u00e9mico y cultural de manera profesional y eficiente, a trav\u00e9s de la edici\u00f3n y difusi\u00f3n de publicaciones originales y de calidad. EUDELaR publica libros [&hellip;]<\/p>\n","protected":false},"author":1,"featured_media":0,"parent":0,"menu_order":0,"comment_status":"closed","ping_status":"closed","template":"template-fullwidth.php","meta":{"footnotes":""},"class_list":["post-64","page","type-page","status-publish","hentry"],"_links":{"self":[{"href":"https:\/\/eudelar.unlar.edu.ar\/index.php\/wp-json\/wp\/v2\/pages\/64","targetHints":{"allow":["GET"]}}],"collection":[{"href":"https:\/\/eudelar.unlar.edu.ar\/index.php\/wp-json\/wp\/v2\/pages"}],"about":[{"href":"https:\/\/eudelar.unlar.edu.ar\/index.php\/wp-json\/wp\/v2\/types\/page"}],"author":[{"embeddable":true,"href":"https:\/\/eudelar.unlar.edu.ar\/index.php\/wp-json\/wp\/v2\/users\/1"}],"replies":[{"embeddable":true,"href":"https:\/\/eudelar.unlar.edu.ar\/index.php\/wp-json\/wp\/v2\/comments?post=64"}],"version-history":[{"count":20,"href":"https:\/\/eudelar.unlar.edu.ar\/index.php\/wp-json\/wp\/v2\/pages\/64\/revisions"}],"predecessor-version":[{"id":551,"href":"https:\/\/eudelar.unlar.edu.ar\/index.php\/wp-json\/wp\/v2\/pages\/64\/revisions\/551"}],"wp:attachment":[{"href":"https:\/\/eudelar.unlar.edu.ar\/index.php\/wp-json\/wp\/v2\/media?parent=64"}],"curies":[{"name":"wp","href":"https:\/\/api.w.org\/{rel}","templated":true}]}}