{"id":15,"date":"2022-08-15T12:15:10","date_gmt":"2022-08-15T12:15:10","guid":{"rendered":"http:\/\/170.210.152.212\/eudelar\/?page_id=15"},"modified":"2025-10-09T12:25:24","modified_gmt":"2025-10-09T12:25:24","slug":"como-publicar","status":"publish","type":"page","link":"https:\/\/eudelar.unlar.edu.ar\/index.php\/como-publicar\/","title":{"rendered":"C\u00f3mo publicar"},"content":{"rendered":"\n<p>Si usted est\u00e1 interesado en publicar un manuscrito, lo invitamos a consultar nuestro <strong><a href=\"https:\/\/eudelar.unlar.edu.ar\/wp-content\/uploads\/2022\/10\/manual-de-estilo.pdf\" data-type=\"URL\" data-id=\"https:\/\/eudelar.unlar.edu.ar\/wp-content\/uploads\/2022\/10\/manual-de-estilo.pdf\">manual de recursos para autores<\/a> <\/strong>y los <a href=\"https:\/\/eudelar.unlar.edu.ar\/index.php\/requisitos\/\"><strong>requisitos<\/strong><\/a> para iniciar el tr\u00e1mite administrativo. Tambi\u00e9n puede acceder al <a href=\"https:\/\/eudelar.unlar.edu.ar\/index.php\/journey-proceso-de-edicion\/\"><strong>proceso de edici\u00f3n<\/strong><\/a> con el objetivo de conocer los pasos a lo largo del proceso editorial.<\/p>\n\n\n<div class=\"wp-block-image\">\n<figure class=\"alignleft size-full is-resized\"><img loading=\"lazy\" decoding=\"async\" width=\"700\" height=\"700\" src=\"https:\/\/eudelar.unlar.edu.ar\/wp-content\/uploads\/2022\/09\/el-juicio-del-siglo-700px.png\" alt=\"\" class=\"wp-image-413\" style=\"width:380px;height:380px\" srcset=\"https:\/\/eudelar.unlar.edu.ar\/wp-content\/uploads\/2022\/09\/el-juicio-del-siglo-700px.png 700w, https:\/\/eudelar.unlar.edu.ar\/wp-content\/uploads\/2022\/09\/el-juicio-del-siglo-700px-300x300.png 300w, https:\/\/eudelar.unlar.edu.ar\/wp-content\/uploads\/2022\/09\/el-juicio-del-siglo-700px-150x150.png 150w, https:\/\/eudelar.unlar.edu.ar\/wp-content\/uploads\/2022\/09\/el-juicio-del-siglo-700px-324x324.png 324w, https:\/\/eudelar.unlar.edu.ar\/wp-content\/uploads\/2022\/09\/el-juicio-del-siglo-700px-416x416.png 416w, https:\/\/eudelar.unlar.edu.ar\/wp-content\/uploads\/2022\/09\/el-juicio-del-siglo-700px-100x100.png 100w\" sizes=\"auto, (max-width: 700px) 100vw, 700px\" \/><\/figure>\n<\/div>\n\n\n<p>EUDELaR edita libros que sean resultados de jornadas o congresos, res\u00famenes, tesis, informes de investigaci\u00f3n, extensi\u00f3n o gesti\u00f3n y cuyos contenidos originales se hayan trabajado para generar libros y\/o art\u00edculos, es decir, productos culturales o acad\u00e9micos que buscan circular entre diversas comunidades lectoras. EUDELaR edita compilaciones de art\u00edculos o <em>papers<\/em> que han sido pensados como libros y\/o que tienen conexi\u00f3n entre s\u00ed.<\/p>\n\n\n\n<p class=\"has-text-align-left\">EUDELaR publica libros de todas las disciplinas y tem\u00e1ticas de la Universidad Nacional de La Rioja en todas sus sedes y delegaciones. Las propuestas que se presenten para formar parte del cat\u00e1logo deber\u00e1n adscribirse a las l\u00edneas de pol\u00edtica editorial detalladas en las <strong><a href=\"https:\/\/eudelar.unlar.edu.ar\/index.php\/tematicas\/\" data-type=\"link\" data-id=\"https:\/\/eudelar.unlar.edu.ar\/index.php\/tematicas\/\">colecciones,<\/a> <\/strong>para poder ser consideradas para su publicaci\u00f3n.<\/p>\n\n\n\n<p><\/p>\n","protected":false},"excerpt":{"rendered":"<p>Si usted est\u00e1 interesado en publicar un manuscrito, lo invitamos a consultar nuestro manual de recursos para autores y los requisitos para iniciar el tr\u00e1mite administrativo. Tambi\u00e9n puede acceder al proceso de edici\u00f3n con el objetivo de conocer los pasos a lo largo del proceso editorial. EUDELaR edita libros que sean resultados de jornadas o [&hellip;]<\/p>\n","protected":false},"author":1,"featured_media":0,"parent":0,"menu_order":0,"comment_status":"closed","ping_status":"closed","template":"template-fullwidth.php","meta":{"footnotes":""},"class_list":["post-15","page","type-page","status-publish","hentry"],"_links":{"self":[{"href":"https:\/\/eudelar.unlar.edu.ar\/index.php\/wp-json\/wp\/v2\/pages\/15","targetHints":{"allow":["GET"]}}],"collection":[{"href":"https:\/\/eudelar.unlar.edu.ar\/index.php\/wp-json\/wp\/v2\/pages"}],"about":[{"href":"https:\/\/eudelar.unlar.edu.ar\/index.php\/wp-json\/wp\/v2\/types\/page"}],"author":[{"embeddable":true,"href":"https:\/\/eudelar.unlar.edu.ar\/index.php\/wp-json\/wp\/v2\/users\/1"}],"replies":[{"embeddable":true,"href":"https:\/\/eudelar.unlar.edu.ar\/index.php\/wp-json\/wp\/v2\/comments?post=15"}],"version-history":[{"count":31,"href":"https:\/\/eudelar.unlar.edu.ar\/index.php\/wp-json\/wp\/v2\/pages\/15\/revisions"}],"predecessor-version":[{"id":1102,"href":"https:\/\/eudelar.unlar.edu.ar\/index.php\/wp-json\/wp\/v2\/pages\/15\/revisions\/1102"}],"wp:attachment":[{"href":"https:\/\/eudelar.unlar.edu.ar\/index.php\/wp-json\/wp\/v2\/media?parent=15"}],"curies":[{"name":"wp","href":"https:\/\/api.w.org\/{rel}","templated":true}]}}